{"id":23835,"date":"2017-04-03T22:33:05","date_gmt":"2017-04-03T22:33:05","guid":{"rendered":"http:\/\/vps39547.inmotionhosting.com\/~advokids\/?page_id=23835"},"modified":"2022-02-07T10:39:56","modified_gmt":"2022-02-07T18:39:56","slug":"social-advocate-protect-children","status":"publish","type":"page","link":"https:\/\/adevine.io\/dws-development-2\/social-advocate-protect-children\/","title":{"rendered":"Use Social Media To Protect Children"},"content":{"rendered":"\n<h1>\n\t\tUse Social Media to Protect California Children from Child Abuse &#038; Neglect\n\t<\/h1>\n\t<h3>Help raise awareness.<\/h3>\n\n<h3>Be a child advocate.<\/h3>\n<h3 data-canvas-width=\"412.2697922424241\"><\/h3>\n<h3 data-canvas-width=\"412.2697922424241\">Copy &amp; share these messages via social media.<\/h3>\n\t<p><strong>Instructions for Sharing via Social Media:<\/strong><\/p>\n<ol>\n<li>Right click on the image and save to your computer.\u00a0 Go to your social media (FB, Twitter) and upload the image to your post or tweet.<\/li>\n<li>Highlight and copy the text above each image to paste it into the text area of your social media account.<\/li>\n<\/ol>\n<p>Thank you for helping us help children!<\/p>\n<p>&nbsp;<\/p>\n\t<p>April is National Child Abuse Prevention Month. Learn the legal tools 2 protect children <a href=\"https:\/\/adevine.io\/dws-development-2\/protect-california-children\/\" target=\"_blank\" rel=\"noopener\">http:\/\/ProtectCAChildren.org<\/a> #fostercare\u00a0#NCAPM2017<\/p>\n\t\t\t\t<a href=\"https:\/\/adevine.io\/dws-development-2\/protect-california-children\/\" target=\"_self\" itemprop=\"url\" rel=\"noopener\">\n\t\t\t\t<img loading=\"lazy\" decoding=\"async\" src=\"https:\/\/adevine.io\/dws-development-2\/wp-content\/uploads\/2017\/04\/Children-Cannot-Save-Themselves-From-Abuse-3.jpg\" alt=\"Children Cannot Save Themselves From Abuse 3\" itemprop=\"image\" height=\"656\" width=\"783\" title=\"Children Cannot Save Themselves From Abuse 3\" onerror=\"this.style.display='none'\"  \/>\n\t\t\t\t<\/a>\n\t<p>Is someone hurting a child &amp; no one is listening? Protect children from slipping thru the cracks <a href=\"https:\/\/adevine.io\/dws-development-2\/protect-california-children\/\" target=\"_blank\" rel=\"noopener\">http:\/\/ProtectCAChildren.org<\/a> #endabuse\u00a0<\/p>\n\t\t\t\t<a href=\"https:\/\/adevine.io\/dws-development-2\/protect-california-children\/\" target=\"_self\" itemprop=\"url\" rel=\"noopener\">\n\t\t\t\t<img loading=\"lazy\" decoding=\"async\" src=\"https:\/\/adevine.io\/dws-development-2\/wp-content\/uploads\/2017\/04\/Did-You-Know-4.jpg\" alt=\"Did You Know 4\" itemprop=\"image\" height=\"656\" width=\"783\" title=\"Did You Know 4\" onerror=\"this.style.display='none'\"  \/>\n\t\t\t\t<\/a>\n\t<p>April is National Child Abuse Prevention Month. Learn the legal tools 2 protect children <a href=\"https:\/\/adevine.io\/dws-development-2\/protect-california-children\/\" target=\"_blank\" rel=\"noopener\">http:\/\/ProtectCAChildren.org<\/a> #fostercare\u00a0#NCAPM2017<\/p>\n\t\t\t\t<a href=\"https:\/\/adevine.io\/dws-development-2\/protect-california-children\/\" target=\"_self\" itemprop=\"url\" rel=\"noopener\">\n\t\t\t\t<img loading=\"lazy\" decoding=\"async\" src=\"https:\/\/adevine.io\/dws-development-2\/wp-content\/uploads\/2017\/04\/quote-2.fw_.png\" alt=\"quote 2.fw\" itemprop=\"image\" height=\"656\" width=\"783\" title=\"quote 2.fw\" onerror=\"this.style.display='none'\"  \/>\n\t\t\t\t<\/a>\n\t<p>Is someone hurting a child &amp; no one is listening? Protect children from slipping thru the cracks <a href=\"https:\/\/adevine.io\/dws-development-2\/protect-california-children\/\" target=\"_blank\" rel=\"noopener\">http:\/\/ProtectCAChildren.org<\/a> #endabuse\u00a0<\/p>\n\t\t\t\t<a href=\"https:\/\/adevine.io\/dws-development-2\/protect-california-children\/\" target=\"_self\" itemprop=\"url\" rel=\"noopener\">\n\t\t\t\t<img loading=\"lazy\" decoding=\"async\" src=\"https:\/\/adevine.io\/dws-development-2\/wp-content\/uploads\/2017\/04\/Protect-California-Children-3.jpg\" alt=\"Protect California Children 3\" itemprop=\"image\" height=\"656\" width=\"783\" title=\"Protect California Children 3\" onerror=\"this.style.display='none'\"  \/>\n\t\t\t\t<\/a>\n\t<p>\u00bfAlguien le est\u00e1 haciendo da\u00f1o a un ni\u00f1o y nadie lo escucha?\u00a0<a href=\"https:\/\/adevine.io\/dws-development-2\/campana-de-advokids-de-proteccion-a-los-ninos-y-ninas-de-ca\/\">Campa\u00f1a De Advokids De Protecci\u00f3n A Los Ni\u00f1os Y Ni\u00f1as De California<\/a>\u00a0\/\u00a0 #NCAPM2017 #AbusoInfantil #NoteCalles #fostercare<\/p>\n\t\t\t\t<a href=\"https:\/\/adevine.io\/dws-development-2\/campana-de-advokids-de-proteccion-a-los-ninos-y-ninas-de-ca\/\" target=\"_self\" itemprop=\"url\" rel=\"noopener\">\n\t\t\t\t<img loading=\"lazy\" decoding=\"async\" src=\"https:\/\/adevine.io\/dws-development-2\/wp-content\/uploads\/2017\/04\/Spanish-1.jpg\" alt=\"Spanish 1\" itemprop=\"image\" height=\"654\" width=\"780\" title=\"Spanish 1\" onerror=\"this.style.display='none'\"  \/>\n\t\t\t\t<\/a>\n\t<p>\u00bfAlguien le est\u00e1 haciendo da\u00f1o a un ni\u00f1o y nadie lo escucha?\u00a0<a href=\"https:\/\/adevine.io\/dws-development-2\/campana-de-advokids-de-proteccion-a-los-ninos-y-ninas-de-ca\/\">Campa\u00f1a De Advokids De Protecci\u00f3n A Los Ni\u00f1os Y Ni\u00f1as De California<\/a>\u00a0\/\u00a0 #NCAPM2017 #AbusoInfantil #NoteCalles #fostercare<\/p>\n\t\t\t\t<a href=\"https:\/\/adevine.io\/dws-development-2\/campana-de-advokids-de-proteccion-a-los-ninos-y-ninas-de-ca\/\" target=\"_self\" itemprop=\"url\" rel=\"noopener\">\n\t\t\t\t<img loading=\"lazy\" decoding=\"async\" src=\"https:\/\/adevine.io\/dws-development-2\/wp-content\/uploads\/2017\/04\/Spanish-3-seperate.jpg\" alt=\"Spanish 3 seperate\" itemprop=\"image\" height=\"656\" width=\"783\" title=\"Spanish 3 seperate\" onerror=\"this.style.display='none'\"  \/>\n\t\t\t\t<\/a>\n\t<p>&nbsp;<\/p>\n<p><strong>Legal Disclaimer<\/strong>: Advokids provides educational information and resources to those who use our website, call our hotline, or submit requests for information via the website. Any information provided may not be construed as the giving of legal advice to any person about a particular legal matter and should not be relied upon as the basis for taking a particular action or refraining from taking a particular action in any legal matter. If you want or need legal advice about a particular legal matter, you should consult a lawyer.<\/p>\n\t<p>&nbsp;<\/p>\n<h4>Contact Advokids<\/h4>\n5643 Paradise Drive, Suite 12B<br \/>\nCorte Madera, CA 94925\n11833 Mississippi Ave., 1st floor<br \/>\nLos Angeles, CA 90025\n<p>415.924.0587<\/p>\n<p>&nbsp;<\/p>\n\n\n","protected":false},"excerpt":{"rendered":"<p>Use Social Media to Protect California Children from Child Abuse &#038; Neglect Help raise awareness. Be a child advocate. Copy &amp; share these messages via social media. Instructions for Sharing via Social Media: Right click on the image and save to your computer.\u00a0 Go to your social media (FB, Twitter) and upload the image to&hellip;<\/p>\n","protected":false},"author":29,"featured_media":0,"parent":0,"menu_order":0,"comment_status":"closed","ping_status":"closed","template":"","meta":{"_exactmetrics_skip_tracking":false,"_exactmetrics_sitenote_active":false,"_exactmetrics_sitenote_note":"","_exactmetrics_sitenote_category":0,"footnotes":""},"class_list":["post-23835","page","type-page","status-publish","hentry"],"yoast_head":"<!-- This site is optimized with the Yoast SEO plugin v26.9 - https:\/\/yoast.com\/product\/yoast-seo-wordpress\/ -->\n<title>Use Social Media To Protect Children - Advokids: A Legal Resource for California Foster Children and Their Advocates<\/title>\n<meta name=\"description\" content=\"Use Social Media To Protect Children - Advokids: A Legal Resource for California Foster Children and Their Advocates\" \/>\n<meta name=\"robots\" content=\"index, follow, max-snippet:-1, max-image-preview:large, max-video-preview:-1\" \/>\n<link rel=\"canonical\" href=\"https:\/\/adevine.io\/dws-development-2\/social-advocate-protect-children\/\" \/>\n<meta property=\"og:locale\" content=\"en_US\" \/>\n<meta property=\"og:type\" content=\"article\" \/>\n<meta property=\"og:title\" content=\"Use Social Media To Protect Children - Advokids: A Legal Resource for California Foster Children and Their Advocates\" \/>\n<meta property=\"og:description\" content=\"Use Social Media To Protect Children - Advokids: A Legal Resource for California Foster Children and Their Advocates\" \/>\n<meta property=\"og:url\" content=\"https:\/\/adevine.io\/dws-development-2\/social-advocate-protect-children\/\" \/>\n<meta property=\"og:site_name\" content=\"Advokids: A Legal Resource for California Foster Children and Their Advocates\" \/>\n<meta property=\"article:modified_time\" content=\"2022-02-07T18:39:56+00:00\" \/>\n<meta property=\"og:image\" content=\"https:\/\/adevine.io\/dws-development-2\/wp-content\/uploads\/2017\/04\/Children-Cannot-Save-Themselves-From-Abuse-3.jpg\" \/>\n<meta name=\"twitter:card\" content=\"summary_large_image\" \/>\n<meta name=\"twitter:label1\" content=\"Est. reading time\" \/>\n\t<meta name=\"twitter:data1\" content=\"2 minutes\" \/>\n<script type=\"application\/ld+json\" class=\"yoast-schema-graph\">{\"@context\":\"https:\/\/schema.org\",\"@graph\":[{\"@type\":\"WebPage\",\"@id\":\"https:\/\/adevine.io\/dws-development-2\/social-advocate-protect-children\/\",\"url\":\"https:\/\/adevine.io\/dws-development-2\/social-advocate-protect-children\/\",\"name\":\"Use Social Media To Protect Children - Advokids: A Legal Resource for California Foster Children and Their Advocates\",\"isPartOf\":{\"@id\":\"https:\/\/adevine.io\/dws-development-2\/#website\"},\"primaryImageOfPage\":{\"@id\":\"https:\/\/adevine.io\/dws-development-2\/social-advocate-protect-children\/#primaryimage\"},\"image\":{\"@id\":\"https:\/\/adevine.io\/dws-development-2\/social-advocate-protect-children\/#primaryimage\"},\"thumbnailUrl\":\"https:\/\/adevine.io\/dws-development-2\/wp-content\/uploads\/2017\/04\/Children-Cannot-Save-Themselves-From-Abuse-3.jpg\",\"datePublished\":\"2017-04-03T22:33:05+00:00\",\"dateModified\":\"2022-02-07T18:39:56+00:00\",\"description\":\"Use Social Media To Protect Children - Advokids: A Legal Resource for California Foster Children and Their Advocates\",\"breadcrumb\":{\"@id\":\"https:\/\/adevine.io\/dws-development-2\/social-advocate-protect-children\/#breadcrumb\"},\"inLanguage\":\"en-US\",\"potentialAction\":[{\"@type\":\"ReadAction\",\"target\":[\"https:\/\/adevine.io\/dws-development-2\/social-advocate-protect-children\/\"]}]},{\"@type\":\"ImageObject\",\"inLanguage\":\"en-US\",\"@id\":\"https:\/\/adevine.io\/dws-development-2\/social-advocate-protect-children\/#primaryimage\",\"url\":\"https:\/\/adevine.io\/dws-development-2\/wp-content\/uploads\/2017\/04\/Children-Cannot-Save-Themselves-From-Abuse-3.jpg\",\"contentUrl\":\"https:\/\/adevine.io\/dws-development-2\/wp-content\/uploads\/2017\/04\/Children-Cannot-Save-Themselves-From-Abuse-3.jpg\",\"width\":783,\"height\":656},{\"@type\":\"BreadcrumbList\",\"@id\":\"https:\/\/adevine.io\/dws-development-2\/social-advocate-protect-children\/#breadcrumb\",\"itemListElement\":[{\"@type\":\"ListItem\",\"position\":1,\"name\":\"Home\",\"item\":\"https:\/\/adevine.io\/dws-development-2\/\"},{\"@type\":\"ListItem\",\"position\":2,\"name\":\"Use Social Media To Protect Children\"}]},{\"@type\":\"WebSite\",\"@id\":\"https:\/\/adevine.io\/dws-development-2\/#website\",\"url\":\"https:\/\/adevine.io\/dws-development-2\/\",\"name\":\"Advokids: A Legal Resource for California Foster Children and Their Advocates\",\"description\":\"Protecting the Right of Every Foster Child in California to Safety, Security and a Permanent Home\",\"potentialAction\":[{\"@type\":\"SearchAction\",\"target\":{\"@type\":\"EntryPoint\",\"urlTemplate\":\"https:\/\/adevine.io\/dws-development-2\/?s={search_term_string}\"},\"query-input\":{\"@type\":\"PropertyValueSpecification\",\"valueRequired\":true,\"valueName\":\"search_term_string\"}}],\"inLanguage\":\"en-US\"}]}<\/script>\n<!-- \/ Yoast SEO plugin. -->","yoast_head_json":{"title":"Use Social Media To Protect Children - Advokids: A Legal Resource for California Foster Children and Their Advocates","description":"Use Social Media To Protect Children - Advokids: A Legal Resource for California Foster Children and Their Advocates","robots":{"index":"index","follow":"follow","max-snippet":"max-snippet:-1","max-image-preview":"max-image-preview:large","max-video-preview":"max-video-preview:-1"},"canonical":"https:\/\/adevine.io\/dws-development-2\/social-advocate-protect-children\/","og_locale":"en_US","og_type":"article","og_title":"Use Social Media To Protect Children - Advokids: A Legal Resource for California Foster Children and Their Advocates","og_description":"Use Social Media To Protect Children - Advokids: A Legal Resource for California Foster Children and Their Advocates","og_url":"https:\/\/adevine.io\/dws-development-2\/social-advocate-protect-children\/","og_site_name":"Advokids: A Legal Resource for California Foster Children and Their Advocates","article_modified_time":"2022-02-07T18:39:56+00:00","og_image":[{"url":"https:\/\/adevine.io\/dws-development-2\/wp-content\/uploads\/2017\/04\/Children-Cannot-Save-Themselves-From-Abuse-3.jpg","type":"","width":"","height":""}],"twitter_card":"summary_large_image","twitter_misc":{"Est. reading time":"2 minutes"},"schema":{"@context":"https:\/\/schema.org","@graph":[{"@type":"WebPage","@id":"https:\/\/adevine.io\/dws-development-2\/social-advocate-protect-children\/","url":"https:\/\/adevine.io\/dws-development-2\/social-advocate-protect-children\/","name":"Use Social Media To Protect Children - Advokids: A Legal Resource for California Foster Children and Their Advocates","isPartOf":{"@id":"https:\/\/adevine.io\/dws-development-2\/#website"},"primaryImageOfPage":{"@id":"https:\/\/adevine.io\/dws-development-2\/social-advocate-protect-children\/#primaryimage"},"image":{"@id":"https:\/\/adevine.io\/dws-development-2\/social-advocate-protect-children\/#primaryimage"},"thumbnailUrl":"https:\/\/adevine.io\/dws-development-2\/wp-content\/uploads\/2017\/04\/Children-Cannot-Save-Themselves-From-Abuse-3.jpg","datePublished":"2017-04-03T22:33:05+00:00","dateModified":"2022-02-07T18:39:56+00:00","description":"Use Social Media To Protect Children - Advokids: A Legal Resource for California Foster Children and Their Advocates","breadcrumb":{"@id":"https:\/\/adevine.io\/dws-development-2\/social-advocate-protect-children\/#breadcrumb"},"inLanguage":"en-US","potentialAction":[{"@type":"ReadAction","target":["https:\/\/adevine.io\/dws-development-2\/social-advocate-protect-children\/"]}]},{"@type":"ImageObject","inLanguage":"en-US","@id":"https:\/\/adevine.io\/dws-development-2\/social-advocate-protect-children\/#primaryimage","url":"https:\/\/adevine.io\/dws-development-2\/wp-content\/uploads\/2017\/04\/Children-Cannot-Save-Themselves-From-Abuse-3.jpg","contentUrl":"https:\/\/adevine.io\/dws-development-2\/wp-content\/uploads\/2017\/04\/Children-Cannot-Save-Themselves-From-Abuse-3.jpg","width":783,"height":656},{"@type":"BreadcrumbList","@id":"https:\/\/adevine.io\/dws-development-2\/social-advocate-protect-children\/#breadcrumb","itemListElement":[{"@type":"ListItem","position":1,"name":"Home","item":"https:\/\/adevine.io\/dws-development-2\/"},{"@type":"ListItem","position":2,"name":"Use Social Media To Protect Children"}]},{"@type":"WebSite","@id":"https:\/\/adevine.io\/dws-development-2\/#website","url":"https:\/\/adevine.io\/dws-development-2\/","name":"Advokids: A Legal Resource for California Foster Children and Their Advocates","description":"Protecting the Right of Every Foster Child in California to Safety, Security and a Permanent Home","potentialAction":[{"@type":"SearchAction","target":{"@type":"EntryPoint","urlTemplate":"https:\/\/adevine.io\/dws-development-2\/?s={search_term_string}"},"query-input":{"@type":"PropertyValueSpecification","valueRequired":true,"valueName":"search_term_string"}}],"inLanguage":"en-US"}]}},"_links":{"self":[{"href":"https:\/\/adevine.io\/dws-development-2\/wp-json\/wp\/v2\/pages\/23835","targetHints":{"allow":["GET"]}}],"collection":[{"href":"https:\/\/adevine.io\/dws-development-2\/wp-json\/wp\/v2\/pages"}],"about":[{"href":"https:\/\/adevine.io\/dws-development-2\/wp-json\/wp\/v2\/types\/page"}],"author":[{"embeddable":true,"href":"https:\/\/adevine.io\/dws-development-2\/wp-json\/wp\/v2\/users\/29"}],"replies":[{"embeddable":true,"href":"https:\/\/adevine.io\/dws-development-2\/wp-json\/wp\/v2\/comments?post=23835"}],"version-history":[{"count":4,"href":"https:\/\/adevine.io\/dws-development-2\/wp-json\/wp\/v2\/pages\/23835\/revisions"}],"predecessor-version":[{"id":29035,"href":"https:\/\/adevine.io\/dws-development-2\/wp-json\/wp\/v2\/pages\/23835\/revisions\/29035"}],"wp:attachment":[{"href":"https:\/\/adevine.io\/dws-development-2\/wp-json\/wp\/v2\/media?parent=23835"}],"curies":[{"name":"wp","href":"https:\/\/api.w.org\/{rel}","templated":true}]}}