{"id":23986,"date":"2017-04-11T17:09:13","date_gmt":"2017-04-11T17:09:13","guid":{"rendered":"http:\/\/vps39547.inmotionhosting.com\/~advokids\/?page_id=23986"},"modified":"2022-02-07T10:39:30","modified_gmt":"2022-02-07T18:39:30","slug":"campana-de-advokids-de-proteccion-a-los-ninos-y-ninas-de-ca","status":"publish","type":"page","link":"https:\/\/adevine.io\/dws-development-2\/campana-de-advokids-de-proteccion-a-los-ninos-y-ninas-de-ca\/","title":{"rendered":"Campa\u00f1a de Advokids de protecci\u00f3n a los ni\u00f1os y ni\u00f1as de CA"},"content":{"rendered":"\n<h1>\n\t\tCampa\u00f1a de Advokids de protecci\u00f3n a los ni\u00f1os y ni\u00f1as de California\n\t<\/h1>\n\t\t\t\t<a href=\"https:\/\/adevine.io\/dws-development-2\/wp-content\/uploads\/2017\/04\/Poster-Spanish-V5.pdf\" target=\"_blank\" rel=\"noopener\" itemprop=\"url\">\n\t\t\t\t<img loading=\"lazy\" decoding=\"async\" src=\"https:\/\/adevine.io\/dws-development-2\/wp-content\/uploads\/2017\/04\/Protect-Children-new-seperate-Spanish.jpg\" alt=\"Protect Children new seperate Spanish\" itemprop=\"image\" height=\"512\" width=\"510\" title=\"Protect Children new seperate Spanish\" onerror=\"this.style.display='none'\"  \/>\n\t\t\t\t<\/a>\n<h2>\n\t\t\u00bfAlguien le est\u00e1 haciendo da\u00f1o a un menor y nadie lo escucha?\n\t<\/h2>\n<h2>\n\t\t<a href=\"#p1\" title=\"Adopte las medidas para asegurar que un menor abusado o desatendido no pase inadvertido.\" target=\"_self\" rel=\"noopener\">\n\t\tAdopte las medidas para asegurar que un menor abusado o desatendido no pase inadvertido.\n\t\t<\/a>\n\t<\/h2>\n\t<p>&#8220;El abuso de menores est\u00e1 en aumento, el n\u00famero de ni\u00f1os y ni\u00f1as que accede al cuidado tutelar est\u00e1 en aumento y nuestros trabajadores sociales est\u00e1n sobrecargados. Todos debemos hacernos responsables de la protecci\u00f3n de los menores vulnerables. Todos debemos conocer los simples formularios jur\u00eddicos que pueden ser utilizados por cualquier persona &#8211; maestros, familiares, vecinos, cuidadores &#8211; a fin de integrar al menor a un programa de protecci\u00f3n bajo el amparo de un tribunal de menores.&#8221;<\/p>\n<p><strong><em>Margaret Coyne<\/em><\/strong>, <a href=\"https:\/\/adevine.io\/dws-development-2\/home-7\/\">Advokids.org<\/a><\/p>\n\t<p><img loading=\"lazy\" decoding=\"async\" src=\"https:\/\/adevine.io\/dws-development-2\/wp-content\/uploads\/2017\/03\/gabriel-fernandez-11-300x300.jpg\" alt=\"\" width=\"300\" height=\"300\" \/><\/p>\n<p>&nbsp;<\/p>\n<p>&nbsp;<\/p>\n<ul>\n<li>Gabriel Fern\u00e1ndez, un ni\u00f1o de ocho a\u00f1os de edad (que aqu\u00ed se muestra en una foto familiar sin fecha) falleci\u00f3 despu\u00e9s de meses de abuso por parte de su madre y el novio de esta. La maestra de Gabriel, y otros docentes, informaron el abuso del menor muchas veces, pero las autoridades no lograron sacar el ni\u00f1o del hogar donde finalmente falleci\u00f3. Si la maestra de Gabriel, los miembros de su familia y otras personas (de su entorno) hubieran conocido los formularios JV-210 y JV-215, posiblemente se hubiera evitado la muerte de Gabriel.<\/li>\n<\/ul>\n<p>&nbsp;<\/p>\n<h4><strong>Se inform\u00f3 que casi 500.000 menores han sufrido abuso o desatenci\u00f3n en California en el a\u00f1o 2016\u00b9<\/strong><\/h4>\n<h2>\n\t\tQU\u00c9 HACER CUANDO USTED ES TESTIGO O SOSPECHA DE ABUSO O DESATENCI\u00d3N DE MENORES\n\t<\/h2>\n\t<h5><strong>PASO UNO: Intervenga si usted piensa que un menor est\u00e1 siendo abusado, desatendido o explotado<\/strong><\/h5>\n\t<p>&nbsp;<\/p>\n<p><strong>HAGA:<\/strong> Llame al n\u00famero de denuncia de abuso de menores para su condado de California, o cont\u00e1ctese con su Departamento local de Polic\u00eda o con la Oficina del Alguacil e informe su preocupaci\u00f3n. Usted lo puede hacer de manera an\u00f3nima, a menos que usted sea un denunciante obligado por ley.<\/p>\n<p><strong>ESPERE:<\/strong> La Agencia del bienestar de menores (patronato de la infancia) del condado debe realizar una evaluaci\u00f3n de riesgo a fin de decidir si el menor necesita protecci\u00f3n.<\/p>\n<p><strong>SEGUIMIENTO:<\/strong> La Agencia del bienestar de menores (patronato de la infancia) del condado no compartir\u00e1 con usted la informaci\u00f3n sobre tal investigaci\u00f3n<\/p>\n\t<h4><strong>PASO DOS:<\/strong> Si despu\u00e9s de informar usted contin\u00faa sospechando de abuso, desatenci\u00f3n o explotaci\u00f3n del menor<\/h4>\n\t<p>&nbsp;<\/p>\n<p><strong>HAGA<\/strong>: Solicite a la Agencia del bienestar de menores (patronato de la infancia) del condado que inicie inmediatamente las actuaciones judiciales para integrar al menor a un programa de protecci\u00f3n bajo el amparo de un tribunal de menores completando el Formulario JV-210 del Tribunal de Menores. Por informaci\u00f3n detallada sobre c\u00f3mo completar el JV-210, rem\u00edtase a \u00a0<a href=\"https:\/\/adevine.io\/dws-development-2\/legal-tools\/accountability\/request-a-childs-protection-through-juvenile-court\/\">Advokids Legal Tools\/For Anyone Seeking A Child&#8217;s Protection through Juvenile Court<\/a>. \u00a0(recursos legales de Advokids\/para quien busca protecci\u00f3n para menores a trav\u00e9s del Tribunal de Menores).<\/p>\n<p><strong>ESPERE:<\/strong> La Agencia del bienestar de menores (patronato de la infancia) del condado debe investigar la situaci\u00f3n del menor inmediatamente despu\u00e9s de recibir el formulario JV-210.<\/p>\n<p><strong>SEGUIMIENTO:<\/strong> Dentro de las tres semanas subsiguientes, la Agencia del bienestar de menores (patronato de la infancia) debe enviarle a usted el formulario JV-210 para notificarle la decisi\u00f3n que han tomado. En caso que decidan no integrar al menor a un programa de protecci\u00f3n bajo el amparo de un tribunal de menores, deben indicar los motivos de tal decisi\u00f3n en el formulario.<\/p>\n\t<h4><strong>PASO TRES: Si la Agencia del bienestar de menores (patronato de la infancia) del condado no busca la protecci\u00f3n judicial del menor<\/strong><\/h4>\n\t<p>&nbsp;<\/p>\n<p><strong>HAGA:<\/strong> Si la Agencia del bienestar de menores (patronato de la infancia) del condado decide no buscar tal protecci\u00f3n, usted puede dirigirse directamente al Tribunal de Menores y solicitar la revisi\u00f3n de la decisi\u00f3n de la Agencia, presentando el Formulario JV-215 del Tribunal de Menores. Por informaci\u00f3n detallada sobre c\u00f3mo completar el JV-215, rem\u00edtase a <a href=\"https:\/\/adevine.io\/dws-development-2\/legal-tools\/accountability\/request-a-childs-protection-through-juvenile-court\/\">Advokids Legal Tools\/For Anyone Seeking A Child&#8217;s Protection through Juvenile Court<\/a>.(recursos legales de Advokids\/para quien busca protecci\u00f3n para menores a trav\u00e9s del Tribunal de Menores).<\/p>\n<p><strong>ESPERE:<\/strong> Usted recibir\u00e1 una llamada o carta del Tribunal de Menores en la que se le informar\u00e1 si el tribunal decide integrar al menor a un programa de protecci\u00f3n bajo el amparo de dicho tribunal.<\/p>\n<p><strong>SEGUIMIENTO:<\/strong> No existe plazo dentro del cual el tribunal deba tomar una decisi\u00f3n, pero usted puede esperar una respuesta r\u00e1pida. Estos requerimientos son infrecuentes y ser\u00e1n tratados con gran premura.<\/p>\n<p>&nbsp;<\/p>\n\t<h2>\u00bfNecesita ayuda? Llame a la l\u00ednea directa de Advokids: 877.238.4543, de lunes a viernes, de 9.0 a 16.00 horas<\/h2>\n\t\t\t<a href=\"#\" target=\"_self\" role=\"button\" rel=\"noopener\">\n\t\t\t\t\t\t\tDone para nuestra Campa\u00f1a para proteger a los ni\u00f1os y ni\u00f1as de California\n\t\t\t\t\t<\/a>\n\t\t\t<a href=\"https:\/\/adevine.io\/dws-development-2\/wp-content\/uploads\/2017\/04\/Poster-Spanish-V5.pdf\" target=\"_blank\" role=\"button\" rel=\"noopener\">\n\t\t\t\t\t\t\tDescargue el Poster\n\t\t\t\t\t<\/a>\n\t<h6><em>\u00b9Webster, D., Armijo, M., Lee, S., Dawson, W., Magruder, J., Exel, M., Cuccaro-Alamin, S., Putnam-Hornstein, E., Wiegmann, W., Rezvani, G., Eyre, M., Sandoval, A., Yee, H., Xiong, B., Benton, C., White, J., &amp; Cotto, H. (2017).\u00a0CCWIP reports. Retrieved\u00a04\/3\/2017, from University of California at Berkeley California Child Welfare Indicators Project website. URL: &lt;<a href=\"http:\/\/cssr.berkeley.edu\/ucb_childwelfare\" target=\"_blank\" rel=\"noopener\">http:\/\/cssr.berkeley.edu\/ucb_childwelfare<\/a>&gt;<\/em><\/h6>\n\t<p><strong>Legal Disclaimer<\/strong>: Advokids provides educational information and resources to those who use our website, call our hotline, or submit requests for information via the website. Any information provided may not be construed as the giving of legal advice to any person about a particular legal matter and should not be relied upon as the basis for taking a particular action or refraining from taking a particular action in any legal matter. If you want or need legal advice about a particular legal matter, you should consult a lawyer.<\/p>\n\t<p>&nbsp;<\/p>\n<h4>Contact Advokids<\/h4>\n5643 Paradise Drive, Suite 12B<br \/>\nCorte Madera, CA 94925\n11833 Mississippi Ave., 1st floor<br \/>\nLos Angeles, CA 90025\n<p>415.924.0587<\/p>\n<p>&nbsp;<\/p>\n\n\n","protected":false},"excerpt":{"rendered":"<p>Campa\u00f1a de Advokids de protecci\u00f3n a los ni\u00f1os y ni\u00f1as de California \u00bfAlguien le est\u00e1 haciendo da\u00f1o a un menor y nadie lo escucha? Adopte las medidas para asegurar que un menor abusado o desatendido no pase inadvertido. &#8220;El abuso de menores est\u00e1 en aumento, el n\u00famero de ni\u00f1os y ni\u00f1as que accede al cuidado&hellip;<\/p>\n","protected":false},"author":29,"featured_media":0,"parent":0,"menu_order":0,"comment_status":"closed","ping_status":"closed","template":"","meta":{"_exactmetrics_skip_tracking":false,"_exactmetrics_sitenote_active":false,"_exactmetrics_sitenote_note":"","_exactmetrics_sitenote_category":0,"footnotes":""},"class_list":["post-23986","page","type-page","status-publish","hentry"],"yoast_head":"<!-- This site is optimized with the Yoast SEO plugin v26.9 - https:\/\/yoast.com\/product\/yoast-seo-wordpress\/ -->\n<title>Campa\u00f1a de Advokids de protecci\u00f3n a los ni\u00f1os y ni\u00f1as de CA - Advokids: A Legal Resource for California Foster Children and Their Advocates<\/title>\n<meta name=\"description\" content=\"Campa\u00f1a de Advokids de protecci\u00f3n a los ni\u00f1os y ni\u00f1as de CA - Advokids: A Legal Resource for California Foster Children and Their Advocates\" \/>\n<meta name=\"robots\" content=\"index, follow, max-snippet:-1, max-image-preview:large, max-video-preview:-1\" \/>\n<link rel=\"canonical\" href=\"https:\/\/adevine.io\/dws-development-2\/campana-de-advokids-de-proteccion-a-los-ninos-y-ninas-de-ca\/\" \/>\n<meta property=\"og:locale\" content=\"en_US\" \/>\n<meta property=\"og:type\" content=\"article\" \/>\n<meta property=\"og:title\" content=\"Campa\u00f1a de Advokids de protecci\u00f3n a los ni\u00f1os y ni\u00f1as de CA - Advokids: A Legal Resource for California Foster Children and Their Advocates\" \/>\n<meta property=\"og:description\" content=\"Campa\u00f1a de Advokids de protecci\u00f3n a los ni\u00f1os y ni\u00f1as de CA - Advokids: A Legal Resource for California Foster Children and Their Advocates\" \/>\n<meta property=\"og:url\" content=\"https:\/\/adevine.io\/dws-development-2\/campana-de-advokids-de-proteccion-a-los-ninos-y-ninas-de-ca\/\" \/>\n<meta property=\"og:site_name\" content=\"Advokids: A Legal Resource for California Foster Children and Their Advocates\" \/>\n<meta property=\"article:modified_time\" content=\"2022-02-07T18:39:30+00:00\" \/>\n<meta property=\"og:image\" content=\"https:\/\/adevine.io\/dws-development-2\/wp-content\/uploads\/2017\/04\/Protect-Children-new-seperate-Spanish.jpg\" \/>\n<meta name=\"twitter:card\" content=\"summary_large_image\" \/>\n<meta name=\"twitter:label1\" content=\"Est. reading time\" \/>\n\t<meta name=\"twitter:data1\" content=\"5 minutes\" \/>\n<script type=\"application\/ld+json\" class=\"yoast-schema-graph\">{\"@context\":\"https:\/\/schema.org\",\"@graph\":[{\"@type\":\"WebPage\",\"@id\":\"https:\/\/adevine.io\/dws-development-2\/campana-de-advokids-de-proteccion-a-los-ninos-y-ninas-de-ca\/\",\"url\":\"https:\/\/adevine.io\/dws-development-2\/campana-de-advokids-de-proteccion-a-los-ninos-y-ninas-de-ca\/\",\"name\":\"Campa\u00f1a de Advokids de protecci\u00f3n a los ni\u00f1os y ni\u00f1as de CA - Advokids: A Legal Resource for California Foster Children and Their Advocates\",\"isPartOf\":{\"@id\":\"https:\/\/adevine.io\/dws-development-2\/#website\"},\"primaryImageOfPage\":{\"@id\":\"https:\/\/adevine.io\/dws-development-2\/campana-de-advokids-de-proteccion-a-los-ninos-y-ninas-de-ca\/#primaryimage\"},\"image\":{\"@id\":\"https:\/\/adevine.io\/dws-development-2\/campana-de-advokids-de-proteccion-a-los-ninos-y-ninas-de-ca\/#primaryimage\"},\"thumbnailUrl\":\"https:\/\/adevine.io\/dws-development-2\/wp-content\/uploads\/2017\/04\/Protect-Children-new-seperate-Spanish.jpg\",\"datePublished\":\"2017-04-11T17:09:13+00:00\",\"dateModified\":\"2022-02-07T18:39:30+00:00\",\"description\":\"Campa\u00f1a de Advokids de protecci\u00f3n a los ni\u00f1os y ni\u00f1as de CA - Advokids: A Legal Resource for California Foster Children and Their Advocates\",\"breadcrumb\":{\"@id\":\"https:\/\/adevine.io\/dws-development-2\/campana-de-advokids-de-proteccion-a-los-ninos-y-ninas-de-ca\/#breadcrumb\"},\"inLanguage\":\"en-US\",\"potentialAction\":[{\"@type\":\"ReadAction\",\"target\":[\"https:\/\/adevine.io\/dws-development-2\/campana-de-advokids-de-proteccion-a-los-ninos-y-ninas-de-ca\/\"]}]},{\"@type\":\"ImageObject\",\"inLanguage\":\"en-US\",\"@id\":\"https:\/\/adevine.io\/dws-development-2\/campana-de-advokids-de-proteccion-a-los-ninos-y-ninas-de-ca\/#primaryimage\",\"url\":\"https:\/\/adevine.io\/dws-development-2\/wp-content\/uploads\/2017\/04\/Protect-Children-new-seperate-Spanish.jpg\",\"contentUrl\":\"https:\/\/adevine.io\/dws-development-2\/wp-content\/uploads\/2017\/04\/Protect-Children-new-seperate-Spanish.jpg\",\"width\":510,\"height\":512},{\"@type\":\"BreadcrumbList\",\"@id\":\"https:\/\/adevine.io\/dws-development-2\/campana-de-advokids-de-proteccion-a-los-ninos-y-ninas-de-ca\/#breadcrumb\",\"itemListElement\":[{\"@type\":\"ListItem\",\"position\":1,\"name\":\"Home\",\"item\":\"https:\/\/adevine.io\/dws-development-2\/\"},{\"@type\":\"ListItem\",\"position\":2,\"name\":\"Campa\u00f1a de Advokids de protecci\u00f3n a los ni\u00f1os y ni\u00f1as de CA\"}]},{\"@type\":\"WebSite\",\"@id\":\"https:\/\/adevine.io\/dws-development-2\/#website\",\"url\":\"https:\/\/adevine.io\/dws-development-2\/\",\"name\":\"Advokids: A Legal Resource for California Foster Children and Their Advocates\",\"description\":\"Protecting the Right of Every Foster Child in California to Safety, Security and a Permanent Home\",\"potentialAction\":[{\"@type\":\"SearchAction\",\"target\":{\"@type\":\"EntryPoint\",\"urlTemplate\":\"https:\/\/adevine.io\/dws-development-2\/?s={search_term_string}\"},\"query-input\":{\"@type\":\"PropertyValueSpecification\",\"valueRequired\":true,\"valueName\":\"search_term_string\"}}],\"inLanguage\":\"en-US\"}]}<\/script>\n<!-- \/ Yoast SEO plugin. -->","yoast_head_json":{"title":"Campa\u00f1a de Advokids de protecci\u00f3n a los ni\u00f1os y ni\u00f1as de CA - Advokids: A Legal Resource for California Foster Children and Their Advocates","description":"Campa\u00f1a de Advokids de protecci\u00f3n a los ni\u00f1os y ni\u00f1as de CA - Advokids: A Legal Resource for California Foster Children and Their Advocates","robots":{"index":"index","follow":"follow","max-snippet":"max-snippet:-1","max-image-preview":"max-image-preview:large","max-video-preview":"max-video-preview:-1"},"canonical":"https:\/\/adevine.io\/dws-development-2\/campana-de-advokids-de-proteccion-a-los-ninos-y-ninas-de-ca\/","og_locale":"en_US","og_type":"article","og_title":"Campa\u00f1a de Advokids de protecci\u00f3n a los ni\u00f1os y ni\u00f1as de CA - Advokids: A Legal Resource for California Foster Children and Their Advocates","og_description":"Campa\u00f1a de Advokids de protecci\u00f3n a los ni\u00f1os y ni\u00f1as de CA - Advokids: A Legal Resource for California Foster Children and Their Advocates","og_url":"https:\/\/adevine.io\/dws-development-2\/campana-de-advokids-de-proteccion-a-los-ninos-y-ninas-de-ca\/","og_site_name":"Advokids: A Legal Resource for California Foster Children and Their Advocates","article_modified_time":"2022-02-07T18:39:30+00:00","og_image":[{"url":"https:\/\/adevine.io\/dws-development-2\/wp-content\/uploads\/2017\/04\/Protect-Children-new-seperate-Spanish.jpg","type":"","width":"","height":""}],"twitter_card":"summary_large_image","twitter_misc":{"Est. reading time":"5 minutes"},"schema":{"@context":"https:\/\/schema.org","@graph":[{"@type":"WebPage","@id":"https:\/\/adevine.io\/dws-development-2\/campana-de-advokids-de-proteccion-a-los-ninos-y-ninas-de-ca\/","url":"https:\/\/adevine.io\/dws-development-2\/campana-de-advokids-de-proteccion-a-los-ninos-y-ninas-de-ca\/","name":"Campa\u00f1a de Advokids de protecci\u00f3n a los ni\u00f1os y ni\u00f1as de CA - Advokids: A Legal Resource for California Foster Children and Their Advocates","isPartOf":{"@id":"https:\/\/adevine.io\/dws-development-2\/#website"},"primaryImageOfPage":{"@id":"https:\/\/adevine.io\/dws-development-2\/campana-de-advokids-de-proteccion-a-los-ninos-y-ninas-de-ca\/#primaryimage"},"image":{"@id":"https:\/\/adevine.io\/dws-development-2\/campana-de-advokids-de-proteccion-a-los-ninos-y-ninas-de-ca\/#primaryimage"},"thumbnailUrl":"https:\/\/adevine.io\/dws-development-2\/wp-content\/uploads\/2017\/04\/Protect-Children-new-seperate-Spanish.jpg","datePublished":"2017-04-11T17:09:13+00:00","dateModified":"2022-02-07T18:39:30+00:00","description":"Campa\u00f1a de Advokids de protecci\u00f3n a los ni\u00f1os y ni\u00f1as de CA - Advokids: A Legal Resource for California Foster Children and Their Advocates","breadcrumb":{"@id":"https:\/\/adevine.io\/dws-development-2\/campana-de-advokids-de-proteccion-a-los-ninos-y-ninas-de-ca\/#breadcrumb"},"inLanguage":"en-US","potentialAction":[{"@type":"ReadAction","target":["https:\/\/adevine.io\/dws-development-2\/campana-de-advokids-de-proteccion-a-los-ninos-y-ninas-de-ca\/"]}]},{"@type":"ImageObject","inLanguage":"en-US","@id":"https:\/\/adevine.io\/dws-development-2\/campana-de-advokids-de-proteccion-a-los-ninos-y-ninas-de-ca\/#primaryimage","url":"https:\/\/adevine.io\/dws-development-2\/wp-content\/uploads\/2017\/04\/Protect-Children-new-seperate-Spanish.jpg","contentUrl":"https:\/\/adevine.io\/dws-development-2\/wp-content\/uploads\/2017\/04\/Protect-Children-new-seperate-Spanish.jpg","width":510,"height":512},{"@type":"BreadcrumbList","@id":"https:\/\/adevine.io\/dws-development-2\/campana-de-advokids-de-proteccion-a-los-ninos-y-ninas-de-ca\/#breadcrumb","itemListElement":[{"@type":"ListItem","position":1,"name":"Home","item":"https:\/\/adevine.io\/dws-development-2\/"},{"@type":"ListItem","position":2,"name":"Campa\u00f1a de Advokids de protecci\u00f3n a los ni\u00f1os y ni\u00f1as de CA"}]},{"@type":"WebSite","@id":"https:\/\/adevine.io\/dws-development-2\/#website","url":"https:\/\/adevine.io\/dws-development-2\/","name":"Advokids: A Legal Resource for California Foster Children and Their Advocates","description":"Protecting the Right of Every Foster Child in California to Safety, Security and a Permanent Home","potentialAction":[{"@type":"SearchAction","target":{"@type":"EntryPoint","urlTemplate":"https:\/\/adevine.io\/dws-development-2\/?s={search_term_string}"},"query-input":{"@type":"PropertyValueSpecification","valueRequired":true,"valueName":"search_term_string"}}],"inLanguage":"en-US"}]}},"_links":{"self":[{"href":"https:\/\/adevine.io\/dws-development-2\/wp-json\/wp\/v2\/pages\/23986","targetHints":{"allow":["GET"]}}],"collection":[{"href":"https:\/\/adevine.io\/dws-development-2\/wp-json\/wp\/v2\/pages"}],"about":[{"href":"https:\/\/adevine.io\/dws-development-2\/wp-json\/wp\/v2\/types\/page"}],"author":[{"embeddable":true,"href":"https:\/\/adevine.io\/dws-development-2\/wp-json\/wp\/v2\/users\/29"}],"replies":[{"embeddable":true,"href":"https:\/\/adevine.io\/dws-development-2\/wp-json\/wp\/v2\/comments?post=23986"}],"version-history":[{"count":3,"href":"https:\/\/adevine.io\/dws-development-2\/wp-json\/wp\/v2\/pages\/23986\/revisions"}],"predecessor-version":[{"id":29034,"href":"https:\/\/adevine.io\/dws-development-2\/wp-json\/wp\/v2\/pages\/23986\/revisions\/29034"}],"wp:attachment":[{"href":"https:\/\/adevine.io\/dws-development-2\/wp-json\/wp\/v2\/media?parent=23986"}],"curies":[{"name":"wp","href":"https:\/\/api.w.org\/{rel}","templated":true}]}}